{"id":100,"date":"2018-08-15T17:52:56","date_gmt":"2018-08-15T20:52:56","guid":{"rendered":"https:\/\/www2.tc.df.gov.br\/escon\/?page_id=100"},"modified":"2018-08-17T18:00:23","modified_gmt":"2018-08-17T21:00:23","slug":"sobre-a-escon","status":"publish","type":"page","link":"https:\/\/www2.tc.df.gov.br\/escon\/sobre-a-escon\/","title":{"rendered":"Sobre a Escon"},"content":{"rendered":"<div class=\"wpb-content-wrapper\"><div id=\"tdi_1\" class=\"tdc-row\"><div class=\"vc_row tdi_2  wpb_row td-pb-row\" >\n<style scoped>\n\/* custom css - generated by TagDiv Composer *\/\n\n\/* custom css - generated by TagDiv Composer *\/\n.tdi_2,\r\n                .tdi_2 .tdc-columns{\r\n                    min-height: 0;\r\n                }.tdi_2,\r\n\t\t\t\t.tdi_2 .tdc-columns{\r\n\t\t\t\t    display: block;\r\n\t\t\t\t}.tdi_2 .tdc-columns{\r\n\t\t\t\t    width: 100%;\r\n\t\t\t\t}.tdi_2:before,\r\n\t\t\t\t.tdi_2:after{\r\n\t\t\t\t    display: table;\r\n\t\t\t\t}\n<\/style><div class=\"vc_column tdi_4  wpb_column vc_column_container tdc-column td-pb-span8\">\n<style scoped>\n\/* custom css - generated by TagDiv Composer *\/\n\n\/* custom css - generated by TagDiv Composer *\/\n.tdi_4{\r\n                    vertical-align: baseline;\r\n                }.tdi_4 > .wpb_wrapper,\r\n\t\t\t\t.tdi_4 > .wpb_wrapper > .tdc-elements{\r\n\t\t\t\t    display: block;\r\n\t\t\t\t}.tdi_4 > .wpb_wrapper > .tdc-elements{\r\n\t\t\t\t    width: 100%;\r\n\t\t\t\t}.tdi_4 > .wpb_wrapper > .vc_row_inner{\r\n\t\t\t\t    width: auto;\r\n\t\t\t\t}.tdi_4 > .wpb_wrapper{\r\n\t\t\t\t    width: auto;\r\n\t\t\t\t    height: auto;\r\n\t\t\t\t}\n<\/style><div class=\"wpb_wrapper\" ><div class=\"td_block_wrap td_block_text_with_title tdi_5 tagdiv-type td-pb-border-top td_block_template_1\"  data-td-block-uid=\"tdi_5\" >\n<style>\n.td-theme-wrap .tdi_5 .td-pulldown-filter-link:hover,\r\n            .td-theme-wrap .tdi_5 .td-subcat-item a:hover,\r\n            .td-theme-wrap .tdi_5 .td-subcat-item .td-cur-simple-item {\r\n                color: #00497f;\r\n            }\r\n\r\n            .td-theme-wrap .tdi_5 .block-title > *,\r\n            .td-theme-wrap .tdi_5 .td-subcat-dropdown:hover .td-subcat-more {\r\n                background-color: #00497f;\r\n            }\r\n            .td-theme-wrap .td-footer-wrapper .tdi_5 .block-title > * {\r\n                padding: 6px 7px 5px;\r\n                line-height: 1;\r\n            }\r\n\r\n            .td-theme-wrap .tdi_5 .block-title {\r\n                border-color: #00497f;\r\n            }\r\n\r\n            \r\n            .td-theme-wrap .tdi_5 .block-title > * {\r\n                color: #ffffff;\r\n            }\r\n            \r\n            \r\n            \r\n            .td-theme-wrap .tdi_5 .td_module_wrap:hover .entry-title a,\r\n            .td-theme-wrap .tdi_5 .td_quote_on_blocks,\r\n            .td-theme-wrap .tdi_5 .td-opacity-cat .td-post-category:hover,\r\n            .td-theme-wrap .tdi_5 .td-opacity-read .td-read-more a:hover,\r\n            .td-theme-wrap .tdi_5 .td-opacity-author .td-post-author-name a:hover,\r\n            .td-theme-wrap .tdi_5 .td-instagram-user a {\r\n                color: #00497f;\r\n            }\r\n\r\n            .td-theme-wrap .tdi_5 .td-next-prev-wrap a:hover,\r\n            .td-theme-wrap .tdi_5 .td-load-more-wrap a:hover {\r\n                background-color: #00497f;\r\n                border-color: #00497f;\r\n            }\r\n\r\n            .td-theme-wrap .tdi_5 .td-read-more a,\r\n            .td-theme-wrap .tdi_5 .td-weather-information:before,\r\n            .td-theme-wrap .tdi_5 .td-weather-week:before,\r\n            .td-theme-wrap .tdi_5 .td-exchange-header:before,\r\n            .td-theme-wrap .td-footer-wrapper .tdi_5 .td-post-category,\r\n            .td-theme-wrap .tdi_5 .td-post-category:hover {\r\n                background-color: #00497f;\r\n            }\n<\/style>\n<style>\n\/* custom css - generated by TagDiv Composer *\/\n.td_block_text_with_title{\r\n                  margin-bottom: 44px;\r\n                  -webkit-transform: translateZ(0);\r\n                  transform: translateZ(0);\r\n                }.td_block_text_with_title p:last-child{\r\n                  margin-bottom: 0;\r\n                }\n<\/style><div class=\"td-block-title-wrap\"><h4 class=\"block-title td-block-title\"><span class=\"td-pulldown-size\">Apresenta\u00e7\u00e3o<\/span><\/h4><\/div><div class=\"td_mod_wrap td-fix-index\"><p style=\"text-align: justify\">Criada por meio da <a href=\"http:\/\/www.sinj.df.gov.br\/sinj\/Norma\/76021\/Lei_5286_30_12_2013.html\" target=\"_blank\" rel=\"noopener\">Lei distrital n\u00ba 5.286\/13<\/a>, a Escola de Contas P\u00fablicas do Tribunal de Contas do Distrito Federal (ESCON) \u00e9 uma unidade de ensino cuja miss\u00e3o \u00e9 promover a constru\u00e7\u00e3o e a dissemina\u00e7\u00e3o do conhecimento junto aos seus tr\u00eas p\u00fablicos estrat\u00e9gicos \u2013 os servidores da pr\u00f3pria Corte; servidores de \u00f3rg\u00e3os e institui\u00e7\u00f5es fiscalizados pelo Tribunal; e segmentos espec\u00edficos da sociedade \u2013, visando ao aperfei\u00e7oamento da gest\u00e3o p\u00fablica e dos controles externo e social.<\/p>\n<p style=\"text-align: justify\">S\u00e3o objetivos permanentes da ESCON, sintetizados em seu Plano Pol\u00edtico-Pedag\u00f3gico:<\/p>\n<ul>\n<li style=\"text-align: justify\">difundir os princ\u00edpios constitucionais de legalidade, impessoalidade, moralidade, publicidade e efici\u00eancia na Administra\u00e7\u00e3o P\u00fablica;<\/li>\n<li style=\"text-align: justify\">desenvolver a\u00e7\u00f5es que contribuam para disseminar na sociedade a <strong>no\u00e7\u00e3o de controle social como instrumento de cidadania<\/strong>, por meio de a\u00e7\u00f5es pedag\u00f3gicas e informativas que contribuam para <strong>despertar no cidad\u00e3o a<\/strong><strong>\u00a0consci\u00eancia para a responsabilidade no acompanhamento da aplica\u00e7\u00e3o e fiscaliza\u00e7\u00e3o dos recursos p\u00fablicos<\/strong>;<\/li>\n<li style=\"text-align: justify\">organizar e promover a\u00e7\u00f5es educacionais voltadas ao desenvolvimento de cultura orientada ao <strong>fortalecimento da administra\u00e7\u00e3o, da gest\u00e3o e da governan\u00e7a p\u00fablica<\/strong>, ao <strong>cont\u00ednuo fomento da qualidade e da efici\u00eancia dos servi\u00e7os p\u00fablicos<\/strong>, e ao <strong>aumento da efetividade institucional<\/strong>, por meio do desenvolvimento das compet\u00eancias de servidores, gestores e agentes p\u00fablicos distritais;<\/li>\n<li style=\"text-align: justify\">promover a pesquisa, a reflex\u00e3o te\u00f3rica e a sistematiza\u00e7\u00e3o de conhecimentos em temas relacionados \u00e0 administra\u00e7\u00e3o p\u00fablica e \u00e0 miss\u00e3o institucional do Tribunal de Contas do Distrito Federal;<\/li>\n<li style=\"text-align: justify\">atender \u00e0s fun\u00e7\u00f5es de gest\u00e3o da documenta\u00e7\u00e3o, da informa\u00e7\u00e3o e do conhecimento, e \u00e0s atividades relativas ao recrutamento, sele\u00e7\u00e3o, forma\u00e7\u00e3o, capacita\u00e7\u00e3o e aperfei\u00e7oamento de recursos humanos do TCDF.<\/li>\n<\/ul>\n<p style=\"text-align: justify\">Para a realiza\u00e7\u00e3o das atividades educacionais, a ESCON conta com estrutura pr\u00f3pria, com quatro salas de aula e um laborat\u00f3rio de inform\u00e1tica, e tamb\u00e9m com espa\u00e7os e recursos localizados na sede do TCDF, como o Audit\u00f3rio e a Biblioteca. H\u00e1, ainda, a possibilidade de uso da estrutura f\u00edsica de institui\u00e7\u00f5es parceiras.<\/p>\n<p style=\"text-align: justify\">A lista atualizada de cursos oferecidos pela Escon pode ser\u00a0<a href=\"https:\/\/escon.tc.df.gov.br\/cursos\/\">acessada aqui<\/a>.<\/p>\n<p style=\"text-align: justify\">A sede da Escola de Contas P\u00fablicas do TCDF fica no Setor de Garagens Oficiais Norte, Quadra 01, Lote 226 (em frente \u00e0 Escola de Governo do GDF). O telefone para contato \u00e9 (61) 3314-2900.<\/p>\n<\/div><\/div><\/div><\/div><div class=\"vc_column tdi_7  wpb_column vc_column_container tdc-column td-pb-span4\">\n<style scoped>\n\/* custom css - generated by TagDiv Composer *\/\n\n\/* custom css - generated by TagDiv Composer *\/\n.tdi_7{\r\n                    vertical-align: baseline;\r\n                }.tdi_7 > .wpb_wrapper,\r\n\t\t\t\t.tdi_7 > .wpb_wrapper > .tdc-elements{\r\n\t\t\t\t    display: block;\r\n\t\t\t\t}.tdi_7 > .wpb_wrapper > .tdc-elements{\r\n\t\t\t\t    width: 100%;\r\n\t\t\t\t}.tdi_7 > .wpb_wrapper > .vc_row_inner{\r\n\t\t\t\t    width: auto;\r\n\t\t\t\t}.tdi_7 > .wpb_wrapper{\r\n\t\t\t\t    width: auto;\r\n\t\t\t\t    height: auto;\r\n\t\t\t\t}\n<\/style><div class=\"wpb_wrapper\" ><div class=\"wpb_wrapper td_block_wrap vc_widget_sidebar tdi_9 \" ><\/div><\/div><\/div><\/div><\/div><\/div>","protected":false},"excerpt":{"rendered":"Apresenta\u00e7\u00e3oCriada por meio da Lei distrital n\u00ba 5.286\/13, a Escola de Contas P\u00fablicas do Tribunal de Contas do Distrito Federal (ESCON) \u00e9 uma unidade de ensino cuja miss\u00e3o \u00e9 promover [...]","protected":false},"author":73,"featured_media":0,"parent":0,"menu_order":0,"comment_status":"closed","ping_status":"open","template":"page-pagebuilder-title.php","meta":{"_relevanssi_hide_post":"","_relevanssi_hide_content":"","_relevanssi_pin_for_all":"","_relevanssi_pin_keywords":"","_relevanssi_unpin_keywords":"","_relevanssi_related_keywords":"","_relevanssi_related_include_ids":"","_relevanssi_related_exclude_ids":"","_relevanssi_related_no_append":"","_relevanssi_related_not_related":"","_relevanssi_related_posts":"","_relevanssi_noindex_reason":"","footnotes":""},"class_list":["post-100","page","type-page","status-publish"],"_links":{"self":[{"href":"https:\/\/www2.tc.df.gov.br\/escon\/wp-json\/wp\/v2\/pages\/100","targetHints":{"allow":["GET"]}}],"collection":[{"href":"https:\/\/www2.tc.df.gov.br\/escon\/wp-json\/wp\/v2\/pages"}],"about":[{"href":"https:\/\/www2.tc.df.gov.br\/escon\/wp-json\/wp\/v2\/types\/page"}],"author":[{"embeddable":true,"href":"https:\/\/www2.tc.df.gov.br\/escon\/wp-json\/wp\/v2\/users\/73"}],"replies":[{"embeddable":true,"href":"https:\/\/www2.tc.df.gov.br\/escon\/wp-json\/wp\/v2\/comments?post=100"}],"version-history":[{"count":0,"href":"https:\/\/www2.tc.df.gov.br\/escon\/wp-json\/wp\/v2\/pages\/100\/revisions"}],"wp:attachment":[{"href":"https:\/\/www2.tc.df.gov.br\/escon\/wp-json\/wp\/v2\/media?parent=100"}],"curies":[{"name":"wp","href":"https:\/\/api.w.org\/{rel}","templated":true}]}}