{"id":294,"date":"2025-07-18T13:38:13","date_gmt":"2025-07-18T16:38:13","guid":{"rendered":"https:\/\/www2.tc.df.gov.br\/escon\/?page_id=294"},"modified":"2025-07-23T13:01:55","modified_gmt":"2025-07-23T16:01:55","slug":"institucional","status":"publish","type":"page","link":"https:\/\/www2.tc.df.gov.br\/escon\/institucional\/","title":{"rendered":"Institucional"},"content":{"rendered":"\t\t<div data-elementor-type=\"wp-page\" data-elementor-id=\"294\" class=\"elementor elementor-294\" data-elementor-post-type=\"page\">\n\t\t\t\t<div class=\"elementor-element elementor-element-dc199ec e-flex e-con-boxed e-con e-parent\" data-id=\"dc199ec\" data-element_type=\"container\">\n\t\t\t\t\t<div class=\"e-con-inner\">\n\t\t\t\t<div class=\"elementor-element elementor-element-bf3022d elementor-widget elementor-widget-text-editor\" data-id=\"bf3022d\" data-element_type=\"widget\" data-widget_type=\"text-editor.default\">\n\t\t\t\t<div class=\"elementor-widget-container\">\n\t\t\t\t\t\t\t\t\t<p>A Escola de Contas P\u00fablicas do Tribunal de Contas do Distrito Federal (Escon\/TCDF), foi criada pela\u00a0<strong>Lei n\u00ba 5.286<\/strong>, de\u00a0<strong>30 de dezembro de 2013<\/strong>.<\/p><p>A Escon fortalece o aprendizado cont\u00ednuo, a produ\u00e7\u00e3o de conhecimento e a transpar\u00eancia institucional.\u00a0 Ao integrar o conhecimento t\u00e9cnico e institucional, contribui para o fortalecimento do controle externo, a qualifica\u00e7\u00e3o da gest\u00e3o p\u00fablica e a amplia\u00e7\u00e3o do di\u00e1logo com a sociedade. Seu compromisso \u00e9 <strong>inspirar o desenvolvimento de pessoas<\/strong> para contribuir com a constru\u00e7\u00e3o de pol\u00edticas p\u00fablicas mais eficientes, transparentes e participativas.<\/p><p>Em sua atua\u00e7\u00e3o como disseminadora do conhecimento, a Escola promove cursos, treinamentos, palestras, semin\u00e1rios e eventos voltados a tr\u00eas p\u00fablicos: servidores do TCDF, servidores do GDF e a sociedade. Suas a\u00e7\u00f5es formativas est\u00e3o organizadas em tr\u00eas eixos tem\u00e1ticos:\u00a0<strong>Controle Externo<\/strong>, voltado ao desenvolvimento de compet\u00eancias ligadas \u00e0s atividades final\u00edsticas do TCDF;\u00a0<strong>Organizacional<\/strong>, que abrange temas estruturantes e de apoio \u00e0s atividades da Casa; e\u00a0<strong>Programas Transversais<\/strong>, com foco no desenvolvimento pessoal e profissional dos servidores, independentemente de sua \u00e1rea de atua\u00e7\u00e3o.<\/p><p>Respons\u00e1vel tamb\u00e9m pela sistematiza\u00e7\u00e3o do conhecimento institucional, a Escola promove a\u00e7\u00f5es de identifica\u00e7\u00e3o, organiza\u00e7\u00e3o, compartilhamento e aplica\u00e7\u00e3o dos conhecimentos necess\u00e1rios ao alcance dos objetivos estrat\u00e9gicos do Tribunal. Em outras palavras, a nossa atua\u00e7\u00e3o inclui tanto o conhecimento produzido dentro do TCDF, com foco na transpar\u00eancia de decis\u00f5es do Plen\u00e1rio com relev\u00e2ncia jurisprudencial e normativos internos e na troca espont\u00e2nea de saberes entre as pessoas, quanto o acesso a fontes externas, promovendo a dissemina\u00e7\u00e3o da informa\u00e7\u00e3o t\u00e9cnico-cient\u00edfica dispon\u00edveis em bases de conte\u00fado digital, livros ou peri\u00f3dicos.<\/p><p>Alinhada \u00e0 vis\u00e3o de\u00a0<strong>ser reconhecida pela excel\u00eancia na difus\u00e3o de conhecimentos essenciais para o controle e para a administra\u00e7\u00e3o p\u00fablica<\/strong>, essa atua\u00e7\u00e3o integrada fortalece n\u00e3o apenas o desempenho institucional do TCDF, mas tamb\u00e9m sua contribui\u00e7\u00e3o para uma gest\u00e3o p\u00fablica mais transparente e pr\u00f3xima do cidad\u00e3o.<\/p>\t\t\t\t\t\t\t\t<\/div>\n\t\t\t\t<\/div>\n\t\t\t\t\t<\/div>\n\t\t\t\t<\/div>\n\t\t\t\t<\/div>\n\t\t","protected":false},"excerpt":{"rendered":"<p>A Escola de Contas P\u00fablicas do Tribunal de Contas do Distrito Federal (Escon\/TCDF), foi criada pela\u00a0Lei n\u00ba 5.286, de\u00a030 de dezembro de 2013. A Escon fortalece o aprendizado cont\u00ednuo, a [&hellip;]<\/p>\n","protected":false},"author":136,"featured_media":0,"parent":0,"menu_order":0,"comment_status":"closed","ping_status":"closed","template":"","meta":{"_relevanssi_hide_post":"","_relevanssi_hide_content":"","_relevanssi_pin_for_all":"","_relevanssi_pin_keywords":"","_relevanssi_unpin_keywords":"","_relevanssi_related_keywords":"","_relevanssi_related_include_ids":"","_relevanssi_related_exclude_ids":"","_relevanssi_related_no_append":"","_relevanssi_related_not_related":"","_relevanssi_related_posts":"","_relevanssi_noindex_reason":"","footnotes":""},"class_list":["post-294","page","type-page","status-publish"],"_links":{"self":[{"href":"https:\/\/www2.tc.df.gov.br\/escon\/wp-json\/wp\/v2\/pages\/294","targetHints":{"allow":["GET"]}}],"collection":[{"href":"https:\/\/www2.tc.df.gov.br\/escon\/wp-json\/wp\/v2\/pages"}],"about":[{"href":"https:\/\/www2.tc.df.gov.br\/escon\/wp-json\/wp\/v2\/types\/page"}],"author":[{"embeddable":true,"href":"https:\/\/www2.tc.df.gov.br\/escon\/wp-json\/wp\/v2\/users\/136"}],"replies":[{"embeddable":true,"href":"https:\/\/www2.tc.df.gov.br\/escon\/wp-json\/wp\/v2\/comments?post=294"}],"version-history":[{"count":67,"href":"https:\/\/www2.tc.df.gov.br\/escon\/wp-json\/wp\/v2\/pages\/294\/revisions"}],"predecessor-version":[{"id":684,"href":"https:\/\/www2.tc.df.gov.br\/escon\/wp-json\/wp\/v2\/pages\/294\/revisions\/684"}],"wp:attachment":[{"href":"https:\/\/www2.tc.df.gov.br\/escon\/wp-json\/wp\/v2\/media?parent=294"}],"curies":[{"name":"wp","href":"https:\/\/api.w.org\/{rel}","templated":true}]}}