{"id":332,"date":"2025-07-18T13:38:18","date_gmt":"2025-07-18T16:38:18","guid":{"rendered":"https:\/\/www2.tc.df.gov.br\/escon\/?page_id=332"},"modified":"2026-02-02T13:43:55","modified_gmt":"2026-02-02T16:43:55","slug":"projeto-politico-pedagogico","status":"publish","type":"page","link":"https:\/\/www2.tc.df.gov.br\/escon\/projeto-politico-pedagogico\/","title":{"rendered":"Projeto Pol\u00edtico-Pedag\u00f3gico"},"content":{"rendered":"\t\t<div data-elementor-type=\"wp-page\" data-elementor-id=\"332\" class=\"elementor elementor-332\" data-elementor-post-type=\"page\">\n\t\t\t\t<div class=\"elementor-element elementor-element-b15df4c e-flex e-con-boxed e-con e-parent\" data-id=\"b15df4c\" data-element_type=\"container\">\n\t\t\t\t\t<div class=\"e-con-inner\">\n\t\t\t\t<div class=\"elementor-element elementor-element-5bf3b9c elementor-widget elementor-widget-text-editor\" data-id=\"5bf3b9c\" data-element_type=\"widget\" data-widget_type=\"text-editor.default\">\n\t\t\t\t<div class=\"elementor-widget-container\">\n\t\t\t\t\t\t\t\t\t<p>O <strong>Projeto Pol\u00edtico-Pedag\u00f3gico (PPP)<\/strong> da Escola de Contas P\u00fablicas do Distrito Federal (Escon) re\u00fane os <strong>princ\u00edpios<\/strong>, <strong>conceitos e m\u00e9todos<\/strong> que <strong>orientam<\/strong> as <strong>a\u00e7\u00f5es<\/strong> da Escola.<\/p><p>Esse documento consolida a <strong>miss\u00e3o<\/strong>, a <strong>vis\u00e3o<\/strong> e os <strong>objetivos estrat\u00e9gicos<\/strong> da Escon e serve como <strong>guia<\/strong> para o planejamento e a realiza\u00e7\u00e3o de suas atividades educacionais.<\/p><p>O PPP \u00e9 um instrumento essencial para <strong>alinhar<\/strong> as <strong>a\u00e7\u00f5es formativas<\/strong> da Escola \u00e0 sua finalidade institucional. Ele define <strong>diretrizes<\/strong>,<strong> responsabilidades <\/strong>e<strong> procedimentos<\/strong> que organizam o <strong>trabalho educativo<\/strong>, fortalecendo o relacionamento com seus p\u00fablicos e promovendo a constru\u00e7\u00e3o cont\u00ednua do <strong>conhecimento<\/strong> sobre o <strong>controle externo <\/strong>e a <strong>administra\u00e7\u00e3o p\u00fablica.<\/strong><\/p><p><a href=\"http:\/\/www2.tc.df.gov.br\/escon\/wp-content\/uploads\/sites\/10\/2026\/02\/PPP-Projeto-Politico-Pedagogico-Escon.pdf\"><strong>Acesse aqui o nosso projeto pol\u00edtico-pedag\u00f3gico.<\/strong><\/a><\/p>\t\t\t\t\t\t\t\t<\/div>\n\t\t\t\t<\/div>\n\t\t\t\t\t<\/div>\n\t\t\t\t<\/div>\n\t\t\t\t<\/div>\n\t\t","protected":false},"excerpt":{"rendered":"<p>O Projeto Pol\u00edtico-Pedag\u00f3gico (PPP) da Escola de Contas P\u00fablicas do Distrito Federal (Escon) re\u00fane os princ\u00edpios, conceitos e m\u00e9todos que orientam as a\u00e7\u00f5es da Escola. Esse documento consolida a miss\u00e3o, [&hellip;]<\/p>\n","protected":false},"author":136,"featured_media":0,"parent":0,"menu_order":0,"comment_status":"closed","ping_status":"closed","template":"","meta":{"_relevanssi_hide_post":"","_relevanssi_hide_content":"","_relevanssi_pin_for_all":"","_relevanssi_pin_keywords":"","_relevanssi_unpin_keywords":"","_relevanssi_related_keywords":"","_relevanssi_related_include_ids":"","_relevanssi_related_exclude_ids":"","_relevanssi_related_no_append":"","_relevanssi_related_not_related":"","_relevanssi_related_posts":"","_relevanssi_noindex_reason":"","footnotes":""},"class_list":["post-332","page","type-page","status-publish"],"_links":{"self":[{"href":"https:\/\/www2.tc.df.gov.br\/escon\/wp-json\/wp\/v2\/pages\/332","targetHints":{"allow":["GET"]}}],"collection":[{"href":"https:\/\/www2.tc.df.gov.br\/escon\/wp-json\/wp\/v2\/pages"}],"about":[{"href":"https:\/\/www2.tc.df.gov.br\/escon\/wp-json\/wp\/v2\/types\/page"}],"author":[{"embeddable":true,"href":"https:\/\/www2.tc.df.gov.br\/escon\/wp-json\/wp\/v2\/users\/136"}],"replies":[{"embeddable":true,"href":"https:\/\/www2.tc.df.gov.br\/escon\/wp-json\/wp\/v2\/comments?post=332"}],"version-history":[{"count":17,"href":"https:\/\/www2.tc.df.gov.br\/escon\/wp-json\/wp\/v2\/pages\/332\/revisions"}],"predecessor-version":[{"id":1113,"href":"https:\/\/www2.tc.df.gov.br\/escon\/wp-json\/wp\/v2\/pages\/332\/revisions\/1113"}],"wp:attachment":[{"href":"https:\/\/www2.tc.df.gov.br\/escon\/wp-json\/wp\/v2\/media?parent=332"}],"curies":[{"name":"wp","href":"https:\/\/api.w.org\/{rel}","templated":true}]}}