{"id":338,"date":"2025-07-18T13:37:45","date_gmt":"2025-07-18T16:37:45","guid":{"rendered":"https:\/\/www2.tc.df.gov.br\/escon\/?page_id=338"},"modified":"2025-07-18T13:37:50","modified_gmt":"2025-07-18T16:37:50","slug":"gestao-do-conhecimento","status":"publish","type":"page","link":"https:\/\/www2.tc.df.gov.br\/escon\/gestao-do-conhecimento\/","title":{"rendered":"Gest\u00e3o do Conhecimento"},"content":{"rendered":"\t\t<div data-elementor-type=\"wp-page\" data-elementor-id=\"338\" class=\"elementor elementor-338\" data-elementor-post-type=\"page\">\n\t\t\t\t<div class=\"elementor-element elementor-element-0ec52bb e-flex e-con-boxed e-con e-parent\" data-id=\"0ec52bb\" data-element_type=\"container\">\n\t\t\t\t\t<div class=\"e-con-inner\">\n\t\t\t\t<div class=\"elementor-element elementor-element-c5e5162 elementor-widget elementor-widget-text-editor\" data-id=\"c5e5162\" data-element_type=\"widget\" data-widget_type=\"text-editor.default\">\n\t\t\t\t<div class=\"elementor-widget-container\">\n\t\t\t\t\t\t\t\t\t<p>A Coordenadoria de Gest\u00e3o do Conhecimento Institucional (CGCI) \u00e9 respons\u00e1vel por <strong>criar oportunidades<\/strong> para o <strong>desenvolvimento<\/strong> de membros, servidores e colaboradores por meio de <strong>a\u00e7\u00f5es de identifica\u00e7\u00e3o<\/strong>, <strong>organiza\u00e7\u00e3o<\/strong>, <strong>compartilhamento<\/strong> e <strong>aplica\u00e7\u00e3o de conhecimento essencial e cr\u00edtico<\/strong> necess\u00e1rio ao <strong>alcance<\/strong> dos<strong> objetivos estrat\u00e9gicos<\/strong> do Tribunal. Seu trabalho facilita o <strong>fluxo de conhecimento<\/strong> e <strong>informa\u00e7\u00e3o<\/strong> para a tomada de decis\u00f5es fundamentada e aproxima o Tribunal da sociedade.<\/p><p>A atua\u00e7\u00e3o da CGCI envolve tr\u00eas \u00e1reas principais: <strong>legisla\u00e7\u00e3o <\/strong>e <strong>jurisprud\u00eancia<\/strong>;<strong> biblioteca <\/strong>e<strong> conte\u00fado digital<\/strong>; e<strong> projetos especiais de gest\u00e3o do conhecimento.<\/strong> Para tanto, a Coordenadoria conta com duas supervis\u00f5es e uma assessoria especializada:<\/p><ul><li><strong>Supervis\u00e3o da Biblioteca e Dissemina\u00e7\u00e3o do Conhecimento<\/strong> (SBDC), respons\u00e1vel pela gest\u00e3o e divulga\u00e7\u00e3o de informa\u00e7\u00f5es bibliogr\u00e1ficas.<\/li><li><strong>Supervis\u00e3o de Legisla\u00e7\u00e3o e Jurisprud\u00eancia<\/strong> (SLJ), respons\u00e1vel pela organiza\u00e7\u00e3o e promo\u00e7\u00e3o das bases de informa\u00e7\u00e3o jurisprudencial e normativa do TCDF.<\/li><li><strong>Assessoria especializada em gest\u00e3o do conhecimento<\/strong>, respons\u00e1vel pelos projetos especiais.<\/li><\/ul><p><strong>Consulta \u00e0 Biblioteca Cyro dos Anjos e conte\u00fado digital contratado<\/strong><\/p><p><a href=\"http:\/\/biblioteca2.senado.gov.br:8991\/F\/?func=find-b&amp;request=&amp;find-code=WRD&amp;adjacent=N&amp;local_base=SEN01\" target=\"_blank\" rel=\"noopener\">Cat\u00e1logo Coletivo &#8211; Busca Simples<\/a><\/p><p><a href=\"https:\/\/intranet.tc.df.gov.br\/conteudo-digital\/\" target=\"_blank\" rel=\"noopener\">Conte\u00fado Digital | Intranet TCDF<\/a><\/p><p><strong>Consulta \u00e0 jurisprud\u00eancia<\/strong><\/p><p><a href=\"https:\/\/busca2.tc.df.gov.br\/#\/jurisprudencia\/todas-bases\" target=\"_blank\" rel=\"noopener\">TCDF &#8211; Busca<\/a><\/p><p><strong>Consulta aos atos normativos do DF e do TCDF<\/strong><\/p><p><a href=\"https:\/\/www.sinj.df.gov.br\/sinj\/\" target=\"_blank\" rel=\"noopener\">SINJ-DF &#8211; Sistema Integrado de Normas Jur\u00eddicas do DF<\/a><\/p><p><strong>Observat\u00f3rio da NLLC<\/strong><\/p><p><a href=\"https:\/\/observatorionllc.tc.df.gov.br\/\" target=\"_blank\" rel=\"noopener\">Observat\u00f3rio NLLC | Observat\u00f3rio do Tribunal de Contas do Distrito Federal<\/a><\/p>\t\t\t\t\t\t\t\t<\/div>\n\t\t\t\t<\/div>\n\t\t\t\t\t<\/div>\n\t\t\t\t<\/div>\n\t\t\t\t<\/div>\n\t\t","protected":false},"excerpt":{"rendered":"<p>A Coordenadoria de Gest\u00e3o do Conhecimento Institucional (CGCI) \u00e9 respons\u00e1vel por criar oportunidades para o desenvolvimento de membros, servidores e colaboradores por meio de a\u00e7\u00f5es de identifica\u00e7\u00e3o, organiza\u00e7\u00e3o, compartilhamento e [&hellip;]<\/p>\n","protected":false},"author":136,"featured_media":0,"parent":0,"menu_order":0,"comment_status":"closed","ping_status":"closed","template":"","meta":{"_relevanssi_hide_post":"","_relevanssi_hide_content":"","_relevanssi_pin_for_all":"","_relevanssi_pin_keywords":"","_relevanssi_unpin_keywords":"","_relevanssi_related_keywords":"","_relevanssi_related_include_ids":"","_relevanssi_related_exclude_ids":"","_relevanssi_related_no_append":"","_relevanssi_related_not_related":"","_relevanssi_related_posts":"","_relevanssi_noindex_reason":"","footnotes":""},"class_list":["post-338","page","type-page","status-publish"],"_links":{"self":[{"href":"https:\/\/www2.tc.df.gov.br\/escon\/wp-json\/wp\/v2\/pages\/338","targetHints":{"allow":["GET"]}}],"collection":[{"href":"https:\/\/www2.tc.df.gov.br\/escon\/wp-json\/wp\/v2\/pages"}],"about":[{"href":"https:\/\/www2.tc.df.gov.br\/escon\/wp-json\/wp\/v2\/types\/page"}],"author":[{"embeddable":true,"href":"https:\/\/www2.tc.df.gov.br\/escon\/wp-json\/wp\/v2\/users\/136"}],"replies":[{"embeddable":true,"href":"https:\/\/www2.tc.df.gov.br\/escon\/wp-json\/wp\/v2\/comments?post=338"}],"version-history":[{"count":13,"href":"https:\/\/www2.tc.df.gov.br\/escon\/wp-json\/wp\/v2\/pages\/338\/revisions"}],"predecessor-version":[{"id":549,"href":"https:\/\/www2.tc.df.gov.br\/escon\/wp-json\/wp\/v2\/pages\/338\/revisions\/549"}],"wp:attachment":[{"href":"https:\/\/www2.tc.df.gov.br\/escon\/wp-json\/wp\/v2\/media?parent=338"}],"curies":[{"name":"wp","href":"https:\/\/api.w.org\/{rel}","templated":true}]}}