{"id":510,"date":"2025-07-18T13:38:16","date_gmt":"2025-07-18T16:38:16","guid":{"rendered":"https:\/\/www2.tc.df.gov.br\/escon\/?page_id=510"},"modified":"2026-02-11T16:36:28","modified_gmt":"2026-02-11T19:36:28","slug":"plano-de-capacitacao","status":"publish","type":"page","link":"https:\/\/www2.tc.df.gov.br\/escon\/plano-de-capacitacao\/","title":{"rendered":"Plano de Capacita\u00e7\u00e3o"},"content":{"rendered":"\t\t<div data-elementor-type=\"wp-page\" data-elementor-id=\"510\" class=\"elementor elementor-510\" data-elementor-post-type=\"page\">\n\t\t\t\t<div class=\"elementor-element elementor-element-a76df78 e-flex e-con-boxed e-con e-parent\" data-id=\"a76df78\" data-element_type=\"container\">\n\t\t\t\t\t<div class=\"e-con-inner\">\n\t\t\t\t<div class=\"elementor-element elementor-element-5465a5c elementor-widget elementor-widget-text-editor\" data-id=\"5465a5c\" data-element_type=\"widget\" data-widget_type=\"text-editor.default\">\n\t\t\t\t<div class=\"elementor-widget-container\">\n\t\t\t\t\t\t\t\t\t<p>O Plano de Capacita\u00e7\u00e3o \u00e9 o documento que organiza as principais a\u00e7\u00f5es de forma\u00e7\u00e3o e desenvolvimento promovidas pela Escola de Contas. Ele \u00e9 elaborado a cada dois anos e tem como objetivo fortalecer as compet\u00eancias necess\u00e1rias para o Tribunal de Contas do Distrito Federal (TCDF) cumprir sua miss\u00e3o.<\/p><p>O Plano contempla tr\u00eas p\u00fablicos principais:<\/p><ul><li><b>membros e servidores do TCDF;<\/b><\/li><li><strong><strong>servidores, gestores e agentes p\u00fablicos do Governo do Distrito Federal;<\/strong><\/strong><\/li><li><span style=\"font-weight: 400\">cidad\u00e3os interessados em temas relacionados \u00e0\u00a0<\/span><strong style=\"font-weight: bold\">administra\u00e7\u00e3o p\u00fablica<\/strong><span style=\"font-weight: 400\">\u00a0e ao<\/span><strong style=\"font-weight: bold\">\u00a0controle dos recursos p\u00fablicos.<\/strong><\/li><\/ul><p><a href=\"http:\/\/www2.tc.df.gov.br\/escon\/wp-content\/uploads\/sites\/10\/2026\/02\/Plano-de-Capacitacao.pdf\"><b>Acesse aqui o nosso plano de capacita\u00e7\u00e3o.<\/b><\/a><\/p>\t\t\t\t\t\t\t\t<\/div>\n\t\t\t\t<\/div>\n\t\t\t\t\t<\/div>\n\t\t\t\t<\/div>\n\t\t\t\t<\/div>\n\t\t","protected":false},"excerpt":{"rendered":"<p>O Plano de Capacita\u00e7\u00e3o \u00e9 o documento que organiza as principais a\u00e7\u00f5es de forma\u00e7\u00e3o e desenvolvimento promovidas pela Escola de Contas. Ele \u00e9 elaborado a cada dois anos e tem [&hellip;]<\/p>\n","protected":false},"author":136,"featured_media":0,"parent":0,"menu_order":0,"comment_status":"closed","ping_status":"closed","template":"","meta":{"_relevanssi_hide_post":"","_relevanssi_hide_content":"","_relevanssi_pin_for_all":"","_relevanssi_pin_keywords":"","_relevanssi_unpin_keywords":"","_relevanssi_related_keywords":"","_relevanssi_related_include_ids":"","_relevanssi_related_exclude_ids":"","_relevanssi_related_no_append":"","_relevanssi_related_not_related":"","_relevanssi_related_posts":"","_relevanssi_noindex_reason":"","footnotes":""},"class_list":["post-510","page","type-page","status-publish"],"_links":{"self":[{"href":"https:\/\/www2.tc.df.gov.br\/escon\/wp-json\/wp\/v2\/pages\/510","targetHints":{"allow":["GET"]}}],"collection":[{"href":"https:\/\/www2.tc.df.gov.br\/escon\/wp-json\/wp\/v2\/pages"}],"about":[{"href":"https:\/\/www2.tc.df.gov.br\/escon\/wp-json\/wp\/v2\/types\/page"}],"author":[{"embeddable":true,"href":"https:\/\/www2.tc.df.gov.br\/escon\/wp-json\/wp\/v2\/users\/136"}],"replies":[{"embeddable":true,"href":"https:\/\/www2.tc.df.gov.br\/escon\/wp-json\/wp\/v2\/comments?post=510"}],"version-history":[{"count":22,"href":"https:\/\/www2.tc.df.gov.br\/escon\/wp-json\/wp\/v2\/pages\/510\/revisions"}],"predecessor-version":[{"id":1164,"href":"https:\/\/www2.tc.df.gov.br\/escon\/wp-json\/wp\/v2\/pages\/510\/revisions\/1164"}],"wp:attachment":[{"href":"https:\/\/www2.tc.df.gov.br\/escon\/wp-json\/wp\/v2\/media?parent=510"}],"curies":[{"name":"wp","href":"https:\/\/api.w.org\/{rel}","templated":true}]}}