{"id":515,"date":"2025-07-18T13:38:21","date_gmt":"2025-07-18T16:38:21","guid":{"rendered":"https:\/\/www2.tc.df.gov.br\/escon\/?page_id=515"},"modified":"2025-07-18T13:38:26","modified_gmt":"2025-07-18T16:38:26","slug":"projetos-especiais","status":"publish","type":"page","link":"https:\/\/www2.tc.df.gov.br\/escon\/projetos-especiais\/","title":{"rendered":"Projetos Especiais"},"content":{"rendered":"\t\t<div data-elementor-type=\"wp-page\" data-elementor-id=\"515\" class=\"elementor elementor-515\" data-elementor-post-type=\"page\">\n\t\t\t\t<div class=\"elementor-element elementor-element-fcd3347 e-flex e-con-boxed e-con e-parent\" data-id=\"fcd3347\" data-element_type=\"container\">\n\t\t\t\t\t<div class=\"e-con-inner\">\n\t\t\t\t<div class=\"elementor-element elementor-element-6a2de66 elementor-widget elementor-widget-text-editor\" data-id=\"6a2de66\" data-element_type=\"widget\" data-widget_type=\"text-editor.default\">\n\t\t\t\t<div class=\"elementor-widget-container\">\n\t\t\t\t\t\t\t\t\t<p>A Escon desenvolve diversos projetos voltados ao fortalecimento da cultura institucional, ao treinamento de servidores e \u00e0 valoriza\u00e7\u00e3o dos talentos internos, promovendo um ambiente de aprendizado cont\u00ednuo. Paralelamente, tamb\u00e9m atua para fortalecer a participa\u00e7\u00e3o social, aproximar o Tribunal da sociedade e incentivar a forma\u00e7\u00e3o cidad\u00e3. <strong>Conhe\u00e7a alguns desses projetos:<\/strong><\/p><p><strong>Escola de Instrutores: Conhecimento, Inova\u00e7\u00e3o e Pr\u00e1tica<\/strong><\/p><p>Projeto voltado \u00e0 forma\u00e7\u00e3o e ao desenvolvimento dos <strong>instrutores<\/strong> da <strong>Escola de Contas<\/strong>, com cursos focados na <strong>melhoria cont\u00ednua<\/strong> do processo de <strong>ensino e aprendizagem.<\/strong><\/p><p><strong>Universidades e o TCDF<\/strong><\/p><p>Voltado a <strong>estudantes<\/strong> de cursos de <strong>gradua\u00e7\u00e3o<\/strong>, o projeto faz parte do Programa Tem\u00e1tico de Forma\u00e7\u00e3o de Controladores Sociais e Cidad\u00e3os. O objetivo \u00e9 aproximar os <strong>estudantes universit\u00e1rios<\/strong> do trabalho realizado pelo TCDF, contribuindo para a forma\u00e7\u00e3o de cidad\u00e3os mais participativos e conscientes.<\/p><p><strong>TCendo o Futuro<\/strong><\/p><p>O projeto aproxima o TCDF da <strong>comunidade estudantil<\/strong>, promovendo o conhecimento sobre o <strong>papel do Tribunal<\/strong> na fiscaliza\u00e7\u00e3o dos recursos p\u00fablicos e incentivando a participa\u00e7\u00e3o social desde cedo. Por meio de um Acordo de Coopera\u00e7\u00e3o com a Secretaria de Educa\u00e7\u00e3o do DF, estudantes da rede p\u00fablica que est\u00e3o no ensino fundamental s\u00e3o convidados a visitar o Tribunal, conhecer suas fun\u00e7\u00f5es e refletir sobre a import\u00e2ncia do controle social e da cidadania.<\/p><p><strong>O Governo \u00e9 da Nossa Conta<\/strong><\/p><p>O Projeto possui como p\u00fablico-alvo estagi\u00e1rios do pr\u00f3prio TCDF e do Distrito Federal, de n\u00edvel m\u00e9dio e superior e de institui\u00e7\u00f5es p\u00fablicas e privadas. O objetivo \u00e9 fortalecer a compreens\u00e3o sobre a import\u00e2ncia da participa\u00e7\u00e3o social e o papel do TCDF na boa gest\u00e3o dos recursos p\u00fablicos.<\/p><p><strong>Mentorias de Ementas Jurisprudenciais <\/strong><\/p><p>Programa criado para incentivar e aprimorar a <strong>elabora\u00e7\u00e3o<\/strong> de <strong>ementas jurisprudenciais<\/strong> no TCDF, contribuindo para a <strong>produ\u00e7\u00e3o<\/strong> e a <strong>dissemina\u00e7\u00e3o<\/strong> do <strong>conhecimento jur\u00eddico.<\/strong><\/p><p><strong>Lan\u00e7amento de Livros de Servidores<\/strong><\/p><p>Iniciativa que <strong>valoriza<\/strong> e <strong>divulga<\/strong> <strong>obras publicadas<\/strong> por <strong>servidores<\/strong> do <strong>TCDF<\/strong>. Em 2024, a Escola promoveu encontros com os autores para a apresenta\u00e7\u00e3o de livros lan\u00e7ados recentemente.<\/p><p><strong>Troca de Livros <\/strong><\/p><p>Projeto da Biblioteca Cyro dos Anjos que<strong> incentiva<\/strong> a <strong>circula\u00e7\u00e3o<\/strong> de <strong>livros<\/strong> por meio de<strong> doa\u00e7\u00f5es<\/strong>. Assim, obras que poderiam ser descartadas ganham <strong>novos leitores<\/strong> e seguem contribuindo para a <strong>forma\u00e7\u00e3o cultural<\/strong> da <strong>comunidade<\/strong>.\u00a0<\/p>\t\t\t\t\t\t\t\t<\/div>\n\t\t\t\t<\/div>\n\t\t\t\t\t<\/div>\n\t\t\t\t<\/div>\n\t\t\t\t<\/div>\n\t\t","protected":false},"excerpt":{"rendered":"<p>A Escon desenvolve diversos projetos voltados ao fortalecimento da cultura institucional, ao treinamento de servidores e \u00e0 valoriza\u00e7\u00e3o dos talentos internos, promovendo um ambiente de aprendizado cont\u00ednuo. Paralelamente, tamb\u00e9m atua [&hellip;]<\/p>\n","protected":false},"author":136,"featured_media":0,"parent":0,"menu_order":0,"comment_status":"closed","ping_status":"closed","template":"","meta":{"_relevanssi_hide_post":"","_relevanssi_hide_content":"","_relevanssi_pin_for_all":"","_relevanssi_pin_keywords":"","_relevanssi_unpin_keywords":"","_relevanssi_related_keywords":"","_relevanssi_related_include_ids":"","_relevanssi_related_exclude_ids":"","_relevanssi_related_no_append":"","_relevanssi_related_not_related":"","_relevanssi_related_posts":"","_relevanssi_noindex_reason":"","footnotes":""},"class_list":["post-515","page","type-page","status-publish"],"_links":{"self":[{"href":"https:\/\/www2.tc.df.gov.br\/escon\/wp-json\/wp\/v2\/pages\/515","targetHints":{"allow":["GET"]}}],"collection":[{"href":"https:\/\/www2.tc.df.gov.br\/escon\/wp-json\/wp\/v2\/pages"}],"about":[{"href":"https:\/\/www2.tc.df.gov.br\/escon\/wp-json\/wp\/v2\/types\/page"}],"author":[{"embeddable":true,"href":"https:\/\/www2.tc.df.gov.br\/escon\/wp-json\/wp\/v2\/users\/136"}],"replies":[{"embeddable":true,"href":"https:\/\/www2.tc.df.gov.br\/escon\/wp-json\/wp\/v2\/comments?post=515"}],"version-history":[{"count":10,"href":"https:\/\/www2.tc.df.gov.br\/escon\/wp-json\/wp\/v2\/pages\/515\/revisions"}],"predecessor-version":[{"id":564,"href":"https:\/\/www2.tc.df.gov.br\/escon\/wp-json\/wp\/v2\/pages\/515\/revisions\/564"}],"wp:attachment":[{"href":"https:\/\/www2.tc.df.gov.br\/escon\/wp-json\/wp\/v2\/media?parent=515"}],"curies":[{"name":"wp","href":"https:\/\/api.w.org\/{rel}","templated":true}]}}