{"id":651,"date":"2015-04-13T08:49:37","date_gmt":"2015-04-13T08:49:37","guid":{"rendered":"http:\/\/demo.ovatheme.com\/imevent\/?page_id=651"},"modified":"2015-04-13T08:49:37","modified_gmt":"2015-04-13T08:49:37","slug":"blog","status":"publish","type":"page","link":"https:\/\/www2.tc.df.gov.br\/maratona-transparencia-publica\/blog\/","title":{"rendered":"Blog"},"content":{"rendered":"","protected":false},"excerpt":{"rendered":"","protected":false},"author":111,"featured_media":0,"parent":0,"menu_order":0,"comment_status":"open","ping_status":"open","template":"blog_template.php","meta":{"_relevanssi_hide_post":"","_relevanssi_hide_content":"","_relevanssi_pin_for_all":"","_relevanssi_pin_keywords":"","_relevanssi_unpin_keywords":"","_relevanssi_related_keywords":"","_relevanssi_related_include_ids":"","_relevanssi_related_exclude_ids":"","_relevanssi_related_no_append":"","_relevanssi_related_not_related":"","_relevanssi_related_posts":"","_relevanssi_noindex_reason":"","footnotes":""},"class_list":["post-651","page","type-page","status-publish","hentry"],"yoast_head":"<!-- This site is optimized with the Yoast SEO plugin v27.5 - https:\/\/yoast.com\/product\/yoast-seo-wordpress\/ -->\n<title>Blog - Maratona Tem\u00e1tica: Transpar\u00eancia P\u00fablica<\/title>\n<meta name=\"robots\" content=\"index, follow, max-snippet:-1, max-image-preview:large, max-video-preview:-1\" \/>\n<link rel=\"canonical\" href=\"https:\/\/www2.tc.df.gov.br\/maratona-transparencia-publica\/blog\/\" \/>\n<meta property=\"og:locale\" content=\"pt_BR\" \/>\n<meta property=\"og:type\" content=\"article\" \/>\n<meta property=\"og:title\" content=\"Blog - Maratona Tem\u00e1tica: Transpar\u00eancia P\u00fablica\" \/>\n<meta property=\"og:url\" content=\"https:\/\/www2.tc.df.gov.br\/maratona-transparencia-publica\/blog\/\" \/>\n<meta property=\"og:site_name\" content=\"Maratona Tem\u00e1tica: Transpar\u00eancia P\u00fablica\" \/>\n<meta property=\"article:publisher\" content=\"https:\/\/www.facebook.com\/TribunaldeContasdoDF\/\" \/>\n<meta name=\"twitter:card\" content=\"summary_large_image\" \/>\n<meta name=\"twitter:site\" content=\"@TCDFoficial\" \/>\n<script type=\"application\/ld+json\" class=\"yoast-schema-graph\">{\"@context\":\"https:\\\/\\\/schema.org\",\"@graph\":[{\"@type\":\"WebPage\",\"@id\":\"https:\\\/\\\/www2.tc.df.gov.br\\\/maratona-transparencia-publica\\\/blog\\\/\",\"url\":\"https:\\\/\\\/www2.tc.df.gov.br\\\/maratona-transparencia-publica\\\/blog\\\/\",\"name\":\"Blog - Maratona Tem\u00e1tica: Transpar\u00eancia P\u00fablica\",\"isPartOf\":{\"@id\":\"https:\\\/\\\/www2.tc.df.gov.br\\\/maratona-transparencia-publica\\\/#website\"},\"datePublished\":\"2015-04-13T08:49:37+00:00\",\"breadcrumb\":{\"@id\":\"https:\\\/\\\/www2.tc.df.gov.br\\\/maratona-transparencia-publica\\\/blog\\\/#breadcrumb\"},\"inLanguage\":\"pt-BR\",\"potentialAction\":[{\"@type\":\"ReadAction\",\"target\":[\"https:\\\/\\\/www2.tc.df.gov.br\\\/maratona-transparencia-publica\\\/blog\\\/\"]}]},{\"@type\":\"BreadcrumbList\",\"@id\":\"https:\\\/\\\/www2.tc.df.gov.br\\\/maratona-transparencia-publica\\\/blog\\\/#breadcrumb\",\"itemListElement\":[{\"@type\":\"ListItem\",\"position\":1,\"name\":\"In\u00edcio\",\"item\":\"https:\\\/\\\/www2.tc.df.gov.br\\\/maratona-transparencia-publica\\\/\"},{\"@type\":\"ListItem\",\"position\":2,\"name\":\"Blog\"}]},{\"@type\":\"WebSite\",\"@id\":\"https:\\\/\\\/www2.tc.df.gov.br\\\/maratona-transparencia-publica\\\/#website\",\"url\":\"https:\\\/\\\/www2.tc.df.gov.br\\\/maratona-transparencia-publica\\\/\",\"name\":\"Maratona Tem\u00e1tica: Transpar\u00eancia P\u00fablica\",\"description\":\"De fiscais a guardi\u00f5es: o papel ampliado dos tribunais de contas na transpar\u00eancia p\u00fablica\",\"potentialAction\":[{\"@type\":\"SearchAction\",\"target\":{\"@type\":\"EntryPoint\",\"urlTemplate\":\"https:\\\/\\\/www2.tc.df.gov.br\\\/maratona-transparencia-publica\\\/?s={search_term_string}\"},\"query-input\":{\"@type\":\"PropertyValueSpecification\",\"valueRequired\":true,\"valueName\":\"search_term_string\"}}],\"inLanguage\":\"pt-BR\"}]}<\/script>\n<!-- \/ Yoast SEO plugin. -->","yoast_head_json":{"title":"Blog - Maratona Tem\u00e1tica: Transpar\u00eancia P\u00fablica","robots":{"index":"index","follow":"follow","max-snippet":"max-snippet:-1","max-image-preview":"max-image-preview:large","max-video-preview":"max-video-preview:-1"},"canonical":"https:\/\/www2.tc.df.gov.br\/maratona-transparencia-publica\/blog\/","og_locale":"pt_BR","og_type":"article","og_title":"Blog - Maratona Tem\u00e1tica: Transpar\u00eancia P\u00fablica","og_url":"https:\/\/www2.tc.df.gov.br\/maratona-transparencia-publica\/blog\/","og_site_name":"Maratona Tem\u00e1tica: Transpar\u00eancia P\u00fablica","article_publisher":"https:\/\/www.facebook.com\/TribunaldeContasdoDF\/","twitter_card":"summary_large_image","twitter_site":"@TCDFoficial","schema":{"@context":"https:\/\/schema.org","@graph":[{"@type":"WebPage","@id":"https:\/\/www2.tc.df.gov.br\/maratona-transparencia-publica\/blog\/","url":"https:\/\/www2.tc.df.gov.br\/maratona-transparencia-publica\/blog\/","name":"Blog - Maratona Tem\u00e1tica: Transpar\u00eancia P\u00fablica","isPartOf":{"@id":"https:\/\/www2.tc.df.gov.br\/maratona-transparencia-publica\/#website"},"datePublished":"2015-04-13T08:49:37+00:00","breadcrumb":{"@id":"https:\/\/www2.tc.df.gov.br\/maratona-transparencia-publica\/blog\/#breadcrumb"},"inLanguage":"pt-BR","potentialAction":[{"@type":"ReadAction","target":["https:\/\/www2.tc.df.gov.br\/maratona-transparencia-publica\/blog\/"]}]},{"@type":"BreadcrumbList","@id":"https:\/\/www2.tc.df.gov.br\/maratona-transparencia-publica\/blog\/#breadcrumb","itemListElement":[{"@type":"ListItem","position":1,"name":"In\u00edcio","item":"https:\/\/www2.tc.df.gov.br\/maratona-transparencia-publica\/"},{"@type":"ListItem","position":2,"name":"Blog"}]},{"@type":"WebSite","@id":"https:\/\/www2.tc.df.gov.br\/maratona-transparencia-publica\/#website","url":"https:\/\/www2.tc.df.gov.br\/maratona-transparencia-publica\/","name":"Maratona Tem\u00e1tica: Transpar\u00eancia P\u00fablica","description":"De fiscais a guardi\u00f5es: o papel ampliado dos tribunais de contas na transpar\u00eancia p\u00fablica","potentialAction":[{"@type":"SearchAction","target":{"@type":"EntryPoint","urlTemplate":"https:\/\/www2.tc.df.gov.br\/maratona-transparencia-publica\/?s={search_term_string}"},"query-input":{"@type":"PropertyValueSpecification","valueRequired":true,"valueName":"search_term_string"}}],"inLanguage":"pt-BR"}]}},"_links":{"self":[{"href":"https:\/\/www2.tc.df.gov.br\/maratona-transparencia-publica\/wp-json\/wp\/v2\/pages\/651","targetHints":{"allow":["GET"]}}],"collection":[{"href":"https:\/\/www2.tc.df.gov.br\/maratona-transparencia-publica\/wp-json\/wp\/v2\/pages"}],"about":[{"href":"https:\/\/www2.tc.df.gov.br\/maratona-transparencia-publica\/wp-json\/wp\/v2\/types\/page"}],"author":[{"embeddable":true,"href":"https:\/\/www2.tc.df.gov.br\/maratona-transparencia-publica\/wp-json\/wp\/v2\/users\/111"}],"replies":[{"embeddable":true,"href":"https:\/\/www2.tc.df.gov.br\/maratona-transparencia-publica\/wp-json\/wp\/v2\/comments?post=651"}],"version-history":[{"count":0,"href":"https:\/\/www2.tc.df.gov.br\/maratona-transparencia-publica\/wp-json\/wp\/v2\/pages\/651\/revisions"}],"wp:attachment":[{"href":"https:\/\/www2.tc.df.gov.br\/maratona-transparencia-publica\/wp-json\/wp\/v2\/media?parent=651"}],"curies":[{"name":"wp","href":"https:\/\/api.w.org\/{rel}","templated":true}]}}