{"id":2485333,"date":"2021-03-23T18:43:42","date_gmt":"2021-03-23T21:43:42","guid":{"rendered":"https:\/\/www2.tc.df.gov.br\/covid\/?page_id=2485333"},"modified":"2023-03-22T14:36:13","modified_gmt":"2023-03-22T17:36:13","slug":"principal","status":"publish","type":"page","link":"https:\/\/www2.tc.df.gov.br\/transparenciafiscal\/","title":{"rendered":"Transpar\u00eancia Fiscal e Or\u00e7ament\u00e1ria"},"content":{"rendered":"","protected":false},"excerpt":{"rendered":"","protected":false},"author":39,"featured_media":0,"parent":0,"menu_order":0,"comment_status":"closed","ping_status":"open","template":"","meta":{"_relevanssi_hide_post":"","_relevanssi_hide_content":"","_relevanssi_pin_for_all":"","_relevanssi_pin_keywords":"","_relevanssi_unpin_keywords":"","_relevanssi_related_keywords":"","_relevanssi_related_include_ids":"","_relevanssi_related_exclude_ids":"","_relevanssi_related_no_append":"","_relevanssi_related_not_related":"","_relevanssi_related_posts":"","_relevanssi_noindex_reason":"","footnotes":""},"class_list":["post-2485333","page","type-page","status-publish","hentry"],"_links":{"self":[{"href":"https:\/\/www2.tc.df.gov.br\/transparenciafiscal\/wp-json\/wp\/v2\/pages\/2485333","targetHints":{"allow":["GET"]}}],"collection":[{"href":"https:\/\/www2.tc.df.gov.br\/transparenciafiscal\/wp-json\/wp\/v2\/pages"}],"about":[{"href":"https:\/\/www2.tc.df.gov.br\/transparenciafiscal\/wp-json\/wp\/v2\/types\/page"}],"author":[{"embeddable":true,"href":"https:\/\/www2.tc.df.gov.br\/transparenciafiscal\/wp-json\/wp\/v2\/users\/39"}],"replies":[{"embeddable":true,"href":"https:\/\/www2.tc.df.gov.br\/transparenciafiscal\/wp-json\/wp\/v2\/comments?post=2485333"}],"version-history":[{"count":55,"href":"https:\/\/www2.tc.df.gov.br\/transparenciafiscal\/wp-json\/wp\/v2\/pages\/2485333\/revisions"}],"predecessor-version":[{"id":2485625,"href":"https:\/\/www2.tc.df.gov.br\/transparenciafiscal\/wp-json\/wp\/v2\/pages\/2485333\/revisions\/2485625"}],"wp:attachment":[{"href":"https:\/\/www2.tc.df.gov.br\/transparenciafiscal\/wp-json\/wp\/v2\/media?parent=2485333"}],"curies":[{"name":"wp","href":"https:\/\/api.w.org\/{rel}","templated":true}]}}